{"id":1772,"date":"2021-05-17T19:21:04","date_gmt":"2021-05-17T17:21:04","guid":{"rendered":"https:\/\/www.bmfcert.de\/kontakt\/"},"modified":"2021-06-02T11:14:58","modified_gmt":"2021-06-02T09:14:58","slug":"kontakt","status":"publish","type":"page","link":"https:\/\/www.bmfcert.de\/pl\/kontakt\/","title":{"rendered":"Kontakt"},"content":{"rendered":"\t\t<div data-elementor-type=\"wp-page\" data-elementor-id=\"1772\" class=\"elementor elementor-1772 elementor-180\" data-elementor-post-type=\"page\">\n\t\t\t\t\t\t<section class=\"elementor-section elementor-top-section elementor-element elementor-element-e5fa964 elementor-section-height-min-height elementor-section-boxed elementor-section-height-default elementor-section-items-middle parallax_section_no qode_elementor_container_no\" data-id=\"e5fa964\" data-element_type=\"section\" data-e-type=\"section\" data-settings=\"{&quot;background_background&quot;:&quot;classic&quot;}\">\n\t\t\t\t\t\t<div class=\"elementor-container elementor-column-gap-default\">\n\t\t\t\t\t<div class=\"elementor-column elementor-col-100 elementor-top-column elementor-element elementor-element-70f3f22\" data-id=\"70f3f22\" data-element_type=\"column\" data-e-type=\"column\">\n\t\t\t<div class=\"elementor-widget-wrap\">\n\t\t\t\t\t\t\t<\/div>\n\t\t<\/div>\n\t\t\t\t\t<\/div>\n\t\t<\/section>\n\t\t\t\t<section class=\"elementor-section elementor-top-section elementor-element elementor-element-3eae2c7 elementor-section-full_width elementor-section-content-middle elementor-section-height-default elementor-section-height-default parallax_section_no qode_elementor_container_no\" data-id=\"3eae2c7\" data-element_type=\"section\" data-e-type=\"section\">\n\t\t\t\t\t\t<div class=\"elementor-container elementor-column-gap-default\">\n\t\t\t\t\t<div class=\"elementor-column elementor-col-100 elementor-top-column elementor-element elementor-element-e132537\" data-id=\"e132537\" data-element_type=\"column\" data-e-type=\"column\">\n\t\t\t<div class=\"elementor-widget-wrap elementor-element-populated\">\n\t\t\t\t\t\t<section class=\"elementor-section elementor-inner-section elementor-element elementor-element-1aee480 elementor-section-boxed elementor-section-height-default elementor-section-height-default parallax_section_no qode_elementor_container_no\" data-id=\"1aee480\" data-element_type=\"section\" data-e-type=\"section\">\n\t\t\t\t\t\t<div class=\"elementor-container elementor-column-gap-default\">\n\t\t\t\t\t<div class=\"elementor-column elementor-col-100 elementor-inner-column elementor-element elementor-element-8bc6f05\" data-id=\"8bc6f05\" data-element_type=\"column\" data-e-type=\"column\">\n\t\t\t<div class=\"elementor-widget-wrap elementor-element-populated\">\n\t\t\t\t\t\t<div class=\"elementor-element elementor-element-faf42d3 elementor-widget elementor-widget-heading\" data-id=\"faf42d3\" data-element_type=\"widget\" data-e-type=\"widget\" data-widget_type=\"heading.default\">\n\t\t\t\t<div class=\"elementor-widget-container\">\n\t\t\t\t\t<h1 class=\"elementor-heading-title elementor-size-default\">Kontakt<\/h1>\t\t\t\t<\/div>\n\t\t\t\t<\/div>\n\t\t\t\t<div class=\"elementor-element elementor-element-e1ba11f elementor-widget elementor-widget-text-editor\" data-id=\"e1ba11f\" data-element_type=\"widget\" data-e-type=\"widget\" data-widget_type=\"text-editor.default\">\n\t\t\t\t<div class=\"elementor-widget-container\">\n\t\t\t\t\t\t\t\t\t<p>Z BMFcert mo\u017cna skontaktowa\u0107 si\u0119 bezpo\u015brednio za pomoc\u0105 poni\u017cszego formularza kontaktowego. Ch\u0119tnie odpowiemy na Pa\u0144stwa pytania telefonicznie lub mailowo. Aby m\u00f3c lepiej sklasyfikowa\u0107 Pa\u0144stwa zapytanie, prosimy o wcze\u015bniejszy wyb\u00f3r zakresu tematycznego.  <\/p>\n\t\t\t\t\t\t\t\t<\/div>\n\t\t\t\t<\/div>\n\t\t\t\t\t<\/div>\n\t\t<\/div>\n\t\t\t\t\t<\/div>\n\t\t<\/section>\n\t\t\t\t<section class=\"elementor-section elementor-inner-section elementor-element elementor-element-e219779 elementor-section-boxed elementor-section-height-default elementor-section-height-default parallax_section_no qode_elementor_container_no\" data-id=\"e219779\" data-element_type=\"section\" data-e-type=\"section\">\n\t\t\t\t\t\t<div class=\"elementor-container elementor-column-gap-default\">\n\t\t\t\t\t<div class=\"elementor-column elementor-col-50 elementor-inner-column elementor-element elementor-element-27826c0\" data-id=\"27826c0\" data-element_type=\"column\" data-e-type=\"column\">\n\t\t\t<div class=\"elementor-widget-wrap elementor-element-populated\">\n\t\t\t\t\t\t<div class=\"elementor-element elementor-element-1eb7b57 elementor-widget elementor-widget-bridge_cf_7\" data-id=\"1eb7b57\" data-element_type=\"widget\" data-e-type=\"widget\" data-widget_type=\"bridge_cf_7.default\">\n\t\t\t\t<div class=\"elementor-widget-container\">\n\t\t\t\t\t    <div class=\"qode-contact-form-7 qode-contact-form-7-0\">\n    \n<div class=\"wpcf7 no-js\" id=\"wpcf7-f1776-o1\" lang=\"de-DE\" dir=\"ltr\" data-wpcf7-id=\"1776\">\n<div class=\"screen-reader-response\"><p role=\"status\" aria-live=\"polite\" aria-atomic=\"true\"><\/p> <ul><\/ul><\/div>\n<form action=\"\/pl\/wp-json\/wp\/v2\/pages\/1772#wpcf7-f1776-o1\" method=\"post\" class=\"wpcf7-form init cf7_custom_style_1\" aria-label=\"Kontaktformular\" novalidate=\"novalidate\" data-status=\"init\">\n<fieldset class=\"hidden-fields-container\"><input type=\"hidden\" name=\"_wpcf7\" value=\"1776\" \/><input type=\"hidden\" name=\"_wpcf7_version\" value=\"6.1.5\" \/><input type=\"hidden\" name=\"_wpcf7_locale\" value=\"de_DE\" \/><input type=\"hidden\" name=\"_wpcf7_unit_tag\" value=\"wpcf7-f1776-o1\" \/><input type=\"hidden\" name=\"_wpcf7_container_post\" value=\"0\" \/><input type=\"hidden\" name=\"_wpcf7_posted_data_hash\" value=\"\" \/>\n<\/fieldset>\n<div>\n\t<p><span class=\"wpcf7-form-control-wrap\" data-name=\"unternehmen\"><input size=\"40\" maxlength=\"400\" class=\"wpcf7-form-control wpcf7-text\" aria-invalid=\"false\" placeholder=\"Przedsi\u0119biorstwo\" value=\"\" type=\"text\" name=\"unternehmen\" \/><\/span>\n\t<\/p>\n<\/div>\n<div>\n\t<p><span class=\"wpcf7-form-control-wrap\" data-name=\"namename\"><input size=\"40\" maxlength=\"400\" class=\"wpcf7-form-control wpcf7-text wpcf7-validates-as-required\" aria-required=\"true\" aria-invalid=\"false\" placeholder=\"Imi\u0119 i nazwisko*\" value=\"\" type=\"text\" name=\"namename\" \/><\/span>\n\t<\/p>\n<\/div>\n<div>\n\t<p><span class=\"wpcf7-form-control-wrap\" data-name=\"adresse\"><input size=\"40\" maxlength=\"400\" class=\"wpcf7-form-control wpcf7-text\" aria-invalid=\"false\" placeholder=\"Adres\" value=\"\" type=\"text\" name=\"adresse\" \/><\/span>\n\t<\/p>\n<\/div>\n<div>\n\t<p><span class=\"wpcf7-form-control-wrap\" data-name=\"email\"><input size=\"40\" maxlength=\"400\" class=\"wpcf7-form-control wpcf7-email wpcf7-validates-as-required wpcf7-text wpcf7-validates-as-email\" aria-required=\"true\" aria-invalid=\"false\" placeholder=\"E-mail*\" value=\"\" type=\"email\" name=\"email\" \/><\/span>\n\t<\/p>\n<\/div>\n<div>\n\t<p><span class=\"wpcf7-form-control-wrap\" data-name=\"telefon\"><input size=\"40\" maxlength=\"400\" class=\"wpcf7-form-control wpcf7-tel wpcf7-text wpcf7-validates-as-tel\" aria-invalid=\"false\" placeholder=\"Telefon\" value=\"\" type=\"tel\" name=\"telefon\" \/><\/span>\n\t<\/p>\n<\/div>\n<div>\n\t<p><span class=\"wpcf7-form-control-wrap\" data-name=\"nachricht\"><textarea cols=\"40\" rows=\"10\" maxlength=\"2000\" class=\"wpcf7-form-control wpcf7-textarea wpcf7-validates-as-required\" aria-required=\"true\" aria-invalid=\"false\" placeholder=\"Wiadomo\u015b\u0107*\" name=\"nachricht\"><\/textarea><\/span>\n\t<\/p>\n<\/div>\n<div class=\"form-heading\">\n\t<p>Kt\u00f3ry zakres tematyczny Pa\u0144stwa interesuje?\n\t<\/p>\n<\/div>\n<div>\n\t<p><span class=\"wpcf7-form-control-wrap\" data-name=\"themenbereich\"><span class=\"wpcf7-form-control wpcf7-checkbox themenbereich-checkbox\"><span class=\"wpcf7-list-item first\"><label><input type=\"checkbox\" name=\"themenbereich[]\" value=\"Elementy z p\u0142yt drewnianych\" \/><span class=\"wpcf7-list-item-label\">Elementy z p\u0142yt drewnianych<\/span><\/label><\/span><span class=\"wpcf7-list-item\"><label><input type=\"checkbox\" name=\"themenbereich[]\" value=\"Z\u0142\u0105cze p\u0142etwowe\" \/><span class=\"wpcf7-list-item-label\">Z\u0142\u0105cze p\u0142etwowe<\/span><\/label><\/span><span class=\"wpcf7-list-item\"><label><input type=\"checkbox\" name=\"themenbereich[]\" value=\"Wi\u0105zary wykonane w technologii p\u0142ytek kolczastych\" \/><span class=\"wpcf7-list-item-label\">Wi\u0105zary wykonane w technologii p\u0142ytek kolczastych<\/span><\/label><\/span><span class=\"wpcf7-list-item\"><label><input type=\"checkbox\" name=\"themenbereich[]\" value=\"Drewno budowlane sortowane pod k\u0105tem wytrzyma\u0142o\u015bci\" \/><span class=\"wpcf7-list-item-label\">Drewno budowlane sortowane pod k\u0105tem wytrzyma\u0142o\u015bci<\/span><\/label><\/span><span class=\"wpcf7-list-item\"><label><input type=\"checkbox\" name=\"themenbereich[]\" value=\"Znak jako\u015bci RAL dla produkcji prefabrykat\u00f3w drewnianych\" \/><span class=\"wpcf7-list-item-label\">Znak jako\u015bci RAL dla produkcji prefabrykat\u00f3w drewnianych<\/span><\/label><\/span><span class=\"wpcf7-list-item\"><label><input type=\"checkbox\" name=\"themenbereich[]\" value=\"Znak jako\u015bci RAL dla konstrukcji dom\u00f3w drewnianych\" \/><span class=\"wpcf7-list-item-label\">Znak jako\u015bci RAL dla konstrukcji dom\u00f3w drewnianych<\/span><\/label><\/span><span class=\"wpcf7-list-item\"><label><input type=\"checkbox\" name=\"themenbereich[]\" value=\"Znak jako\u015bci RAL &#039;stalowe konstrukcje systemowe&#039;\" \/><span class=\"wpcf7-list-item-label\">Znak jako\u015bci RAL &#039;stalowe konstrukcje systemowe&#039;<\/span><\/label><\/span><span class=\"wpcf7-list-item last\"><label><input type=\"checkbox\" name=\"themenbereich[]\" value=\"Znak jako\u015bci RAL &#039;systemy pomieszcze\u0144 mobilnych&#039;\" \/><span class=\"wpcf7-list-item-label\">Znak jako\u015bci RAL &#039;systemy pomieszcze\u0144 mobilnych&#039;<\/span><\/label><\/span><\/span><\/span>\n\t<\/p>\n<\/div>\n<div>\n\t<p><div class=\"cf7-cf-turnstile\" style=\"margin-top: 0px; margin-bottom: -15px;\"> <div id=\"cf-turnstile-cf7-3848296698\" class=\"cf-turnstile\" data-sitekey=\"0x4AAAAAABh8O1L8EJuiHt8Y\" data-theme=\"light\" data-language=\"auto\" data-size=\"normal\" data-retry=\"auto\" data-retry-interval=\"1000\" data-refresh-expired=\"auto\" data-refresh-timeout=\"auto\" data-action=\"contact-form-7\" data-callback=\"turnstileCF7Callback\" data-appearance=\"always\"><\/div> <script>document.addEventListener(\"DOMContentLoaded\", function() { setTimeout(function(){ var e=document.getElementById(\"cf-turnstile-cf7-3848296698\"); if(e&&!e.innerHTML.trim()){turnstile.render(e, {sitekey:\"0x4AAAAAABh8O1L8EJuiHt8Y\"});} }, 200); });<\/script> <br class=\"cf-turnstile-br cf-turnstile-br-cf7-3848296698\"> <style>#cf-turnstile-cf7-3848296698 { margin-left: -15px; }<\/style> <script>document.addEventListener(\"DOMContentLoaded\",function(){document.querySelectorAll('.wpcf7-form').forEach(function(e){e.addEventListener('submit',function(){if(document.getElementById('cf-turnstile-cf7-3848296698')){setTimeout(function(){turnstile.reset('#cf-turnstile-cf7-3848296698');},1000)}})})});<\/script> <\/div><br\/><input class=\"wpcf7-form-control wpcf7-submit has-spinner\" type=\"submit\" value=\"Wy\u015blij\" \/>\n\t<\/p>\n<\/div><div class=\"wpcf7-response-output\" aria-hidden=\"true\"><\/div>\n<\/form>\n<\/div>\n    <\/div>\n\t\t\t\t<\/div>\n\t\t\t\t<\/div>\n\t\t\t\t<div class=\"elementor-element elementor-element-c64315b elementor-widget elementor-widget-text-editor\" data-id=\"c64315b\" data-element_type=\"widget\" data-e-type=\"widget\" data-widget_type=\"text-editor.default\">\n\t\t\t\t<div class=\"elementor-widget-container\">\n\t\t\t\t\t\t\t\t\t<p>* Pole obowi\u0105zkowe<\/p>\t\t\t\t\t\t\t\t<\/div>\n\t\t\t\t<\/div>\n\t\t\t\t\t<\/div>\n\t\t<\/div>\n\t\t\t\t<div class=\"elementor-column elementor-col-50 elementor-inner-column elementor-element elementor-element-c1e3c75\" data-id=\"c1e3c75\" data-element_type=\"column\" data-e-type=\"column\">\n\t\t\t<div class=\"elementor-widget-wrap elementor-element-populated\">\n\t\t\t\t\t\t<div class=\"elementor-element elementor-element-a11ec95 elementor-widget elementor-widget-text-editor\" data-id=\"a11ec95\" data-element_type=\"widget\" data-e-type=\"widget\" data-widget_type=\"text-editor.default\">\n\t\t\t\t<div class=\"elementor-widget-container\">\n\t\t\t\t\t\t\t\t\t<p><b>Dane kontaktowe naszego biura:<\/b><\/p>\n\t\t\t\t\t\t\t\t<\/div>\n\t\t\t\t<\/div>\n\t\t\t\t<div class=\"elementor-element elementor-element-3f4812f elementor-widget elementor-widget-bridge_icon_text\" data-id=\"3f4812f\" data-element_type=\"widget\" data-e-type=\"widget\" data-widget_type=\"bridge_icon_text.default\">\n\t\t\t\t<div class=\"elementor-widget-container\">\n\t\t\t\t\t<div class='q_icon_with_title small normal_icon '><div class=\"icon_holder \" style=\" \"><span data-icon-type=\"normal\" class=\"qode_iwt_icon_holder q_font_awsome_icon fa-2x  \"><i class=\"qode_icon_font_awesome_5 fa5 fa fa-map-marked-alt qode_iwt_icon_element\" style=\"color: #4D4D4D\"><\/i><\/span><\/div><div class=\"icon_text_holder\" style=\"\"><div class=\"icon_text_inner\" style=\"\"><h5 class=\"icon_title\" style=\"color: #4D4D4D;\">BMFcert GmbH <br> Rh\u00f6ndorfer Str. 85<br> 53604 Bad Honnef<\/h5><p style=''><\/p><\/div><\/div><\/div>\t\t\t\t<\/div>\n\t\t\t\t<\/div>\n\t\t\t\t<div class=\"elementor-element elementor-element-e0cd021 elementor-widget elementor-widget-bridge_icon_text\" data-id=\"e0cd021\" data-element_type=\"widget\" data-e-type=\"widget\" data-widget_type=\"bridge_icon_text.default\">\n\t\t\t\t<div class=\"elementor-widget-container\">\n\t\t\t\t\t<div class='q_icon_with_title small normal_icon '><div class=\"icon_holder \" style=\" \"><span data-icon-type=\"normal\" class=\"qode_iwt_icon_holder q_font_awsome_icon fa-2x  \"><i class=\"qode_icon_font_awesome_5 fa5 fa fa-phone qode_iwt_icon_element\" style=\"color: #4D4D4D\"><\/i><\/span><\/div><div class=\"icon_text_holder\" style=\"\"><div class=\"icon_text_inner\" style=\"\"><h5 class=\"icon_title\" style=\"color: #4D4D4D;\"><a href=\"tel:+ 49 (0) 22 24 \/ 96 91 52-0\">+ 49 (0) 22 24 \/ 96 91 52-0<\/a><\/h5><p style=''><\/p><\/div><\/div><\/div>\t\t\t\t<\/div>\n\t\t\t\t<\/div>\n\t\t\t\t<div class=\"elementor-element elementor-element-e1a853c elementor-widget elementor-widget-bridge_icon_text\" data-id=\"e1a853c\" data-element_type=\"widget\" data-e-type=\"widget\" data-widget_type=\"bridge_icon_text.default\">\n\t\t\t\t<div class=\"elementor-widget-container\">\n\t\t\t\t\t<div class='q_icon_with_title small normal_icon '><div class=\"icon_holder \" style=\" \"><span data-icon-type=\"normal\" class=\"qode_iwt_icon_holder q_font_awsome_icon fa-2x  \"><i class=\"qode_icon_font_awesome_5 fa5 fa fa-envelope qode_iwt_icon_element\" style=\"color: #4D4D4D\"><\/i><\/span><\/div><div class=\"icon_text_holder\" style=\"\"><div class=\"icon_text_inner\" style=\"\"><h5 class=\"icon_title\" style=\"color: #4D4D4D;\"><a href=\"mailto:info@bmfcert.de\">info@bmfcert.de<\/a><\/h5><p style=''><\/p><\/div><\/div><\/div>\t\t\t\t<\/div>\n\t\t\t\t<\/div>\n\t\t\t\t\t<\/div>\n\t\t<\/div>\n\t\t\t\t\t<\/div>\n\t\t<\/section>\n\t\t\t\t\t<\/div>\n\t\t<\/div>\n\t\t\t\t\t<\/div>\n\t\t<\/section>\n\t\t\t\t<section class=\"elementor-section elementor-top-section elementor-element elementor-element-bf8c2ec elementor-section-full_width elementor-section-height-default elementor-section-height-default parallax_section_no qode_elementor_container_no\" data-id=\"bf8c2ec\" data-element_type=\"section\" data-e-type=\"section\">\n\t\t\t\t\t\t<div class=\"elementor-container elementor-column-gap-default\">\n\t\t\t\t\t<div class=\"elementor-column elementor-col-100 elementor-top-column elementor-element elementor-element-dc2693a\" data-id=\"dc2693a\" data-element_type=\"column\" data-e-type=\"column\">\n\t\t\t<div class=\"elementor-widget-wrap elementor-element-populated\">\n\t\t\t\t\t\t<div class=\"elementor-element elementor-element-029d74c elementor-widget elementor-widget-google_maps\" data-id=\"029d74c\" data-element_type=\"widget\" data-e-type=\"widget\" data-widget_type=\"google_maps.default\">\n\t\t\t\t<div class=\"elementor-widget-container\">\n\t\t\t\t\t\t\t<div class=\"elementor-custom-embed\">\n\t\t\t <div class=\"brlbs-cmpnt-container brlbs-cmpnt-content-blocker brlbs-cmpnt-with-individual-styles\" data-borlabs-cookie-content-blocker-id=\"google-maps\" data-borlabs-cookie-content=\"PGlmcmFtZSBsb2FkaW5nPSJsYXp5IgoJCQkJCXNyYz0iaHR0cHM6Ly9tYXBzLmdvb2dsZS5jb20vbWFwcz9xPUJNRmNlcnQlMjBHbWJIJTIwUmglQzMlQjZuZG9yZmVyJTIwU3RyLiUyMDg1JTIwNTM2MDQlMjBCYWQlMjBIb25uZWYmIzAzODt0PW0mIzAzODt6PTEwJiMwMzg7b3V0cHV0PWVtYmVkJiMwMzg7aXdsb2M9bmVhciIKCQkJCQl0aXRsZT0iQk1GY2VydCBHbWJIIFJow7ZuZG9yZmVyIFN0ci4gODUgNTM2MDQgQmFkIEhvbm5lZiIKCQkJCQlhcmlhLWxhYmVsPSJCTUZjZXJ0IEdtYkggUmjDtm5kb3JmZXIgU3RyLiA4NSA1MzYwNCBCYWQgSG9ubmVmIgoJCQk+PC9pZnJhbWU+\"><div class=\"brlbs-cmpnt-cb-preset-b brlbs-cmpnt-cb-google-maps\"> <div class=\"brlbs-cmpnt-cb-thumbnail\" style=\"background-image: url('https:\/\/www.bmfcert.de\/wp-content\/uploads\/borlabs-cookie\/1\/brlbs-cb-google-maps-main.png')\"><\/div> <div class=\"brlbs-cmpnt-cb-main\"> <div class=\"brlbs-cmpnt-cb-content\"> <p class=\"brlbs-cmpnt-cb-description\">Aktualnie wy\u015bwietlana jest tre\u015b\u0107 zast\u0119pcza z <strong>Google Maps<\/strong>. Aby uzyska\u0107 dost\u0119p do rzeczywistej tre\u015bci, kliknij poni\u017cszy przycisk. Pami\u0119taj, \u017ce spowoduje to udost\u0119pnienie danych zewn\u0119trznym operatorom.<\/p> <a class=\"brlbs-cmpnt-cb-provider-toggle\" href=\"#\" data-borlabs-cookie-show-provider-information role=\"button\">Wi\u0119cej informacji<\/a> <\/div> <div class=\"brlbs-cmpnt-cb-buttons\"> <a class=\"brlbs-cmpnt-cb-btn\" href=\"#\" data-borlabs-cookie-unblock role=\"button\">Odblokuj tre\u015b\u0107<\/a> <a class=\"brlbs-cmpnt-cb-btn\" href=\"#\" data-borlabs-cookie-accept-service role=\"button\" style=\"display: inherit\">Zaakceptuj wymagan\u0105 us\u0142ug\u0119 i odblokuj tre\u015bci<\/a> <\/div> <\/div> <\/div><\/div>\n\t\t<\/div>\n\t\t\t\t\t\t<\/div>\n\t\t\t\t<\/div>\n\t\t\t\t\t<\/div>\n\t\t<\/div>\n\t\t\t\t\t<\/div>\n\t\t<\/section>\n\t\t\t\t<\/div>\n\t\t","protected":false},"excerpt":{"rendered":"<p>Kontakt Z BMFcert mo\u017cna skontaktowa\u0107 si\u0119 bezpo\u015brednio za pomoc\u0105 poni\u017cszego formularza kontaktowego. Ch\u0119tnie odpowiemy na Pa\u0144stwa pytania telefonicznie lub mailowo. Aby m\u00f3c lepiej sklasyfikowa\u0107 Pa\u0144stwa zapytanie, prosimy o wcze\u015bniejszy wyb\u00f3r zakresu tematycznego. Kt\u00f3ry zakres tematyczny Pa\u0144stwa interesuje? Elementy z p\u0142yt drewnianychZ\u0142\u0105cze p\u0142etwoweWi\u0105zary wykonane w technologii&#8230;<\/p>\n","protected":false},"author":3,"featured_media":0,"parent":0,"menu_order":0,"comment_status":"closed","ping_status":"closed","template":"full_width.php","meta":{"inline_featured_image":false,"footnotes":""},"class_list":["post-1772","page","type-page","status-publish","hentry"],"yoast_head":"<!-- This site is optimized with the Yoast SEO plugin v27.4 - https:\/\/yoast.com\/product\/yoast-seo-wordpress\/ -->\n<title>Kontakt - bmfcert<\/title>\n<meta name=\"robots\" content=\"index, follow, max-snippet:-1, max-image-preview:large, max-video-preview:-1\" \/>\n<link rel=\"canonical\" href=\"https:\/\/www.bmfcert.de\/pl\/kontakt\/\" \/>\n<meta property=\"og:locale\" content=\"pl_PL\" \/>\n<meta property=\"og:type\" content=\"article\" \/>\n<meta property=\"og:title\" content=\"Kontakt - bmfcert\" \/>\n<meta property=\"og:description\" content=\"Kontakt Z BMFcert mo\u017cna skontaktowa\u0107 si\u0119 bezpo\u015brednio za pomoc\u0105 poni\u017cszego formularza kontaktowego. Ch\u0119tnie odpowiemy na Pa\u0144stwa pytania telefonicznie lub mailowo. Aby m\u00f3c lepiej sklasyfikowa\u0107 Pa\u0144stwa zapytanie, prosimy o wcze\u015bniejszy wyb\u00f3r zakresu tematycznego. Kt\u00f3ry zakres tematyczny Pa\u0144stwa interesuje? Elementy z p\u0142yt drewnianychZ\u0142\u0105cze p\u0142etwoweWi\u0105zary wykonane w technologii...\" \/>\n<meta property=\"og:url\" content=\"https:\/\/www.bmfcert.de\/pl\/kontakt\/\" \/>\n<meta property=\"og:site_name\" content=\"bmfcert\" \/>\n<meta property=\"article:modified_time\" content=\"2021-06-02T09:14:58+00:00\" \/>\n<meta name=\"twitter:card\" content=\"summary_large_image\" \/>\n<meta name=\"twitter:label1\" content=\"Szacowany czas czytania\" \/>\n\t<meta name=\"twitter:data1\" content=\"1 minuta\" \/>\n<script type=\"application\/ld+json\" class=\"yoast-schema-graph\">{\"@context\":\"https:\\\/\\\/schema.org\",\"@graph\":[{\"@type\":\"WebPage\",\"@id\":\"https:\\\/\\\/www.bmfcert.de\\\/pl\\\/kontakt\\\/\",\"url\":\"https:\\\/\\\/www.bmfcert.de\\\/pl\\\/kontakt\\\/\",\"name\":\"Kontakt - bmfcert\",\"isPartOf\":{\"@id\":\"https:\\\/\\\/www.bmfcert.de\\\/#website\"},\"datePublished\":\"2021-05-17T17:21:04+00:00\",\"dateModified\":\"2021-06-02T09:14:58+00:00\",\"breadcrumb\":{\"@id\":\"https:\\\/\\\/www.bmfcert.de\\\/pl\\\/kontakt\\\/#breadcrumb\"},\"inLanguage\":\"pl-PL\",\"potentialAction\":[{\"@type\":\"ReadAction\",\"target\":[\"https:\\\/\\\/www.bmfcert.de\\\/pl\\\/kontakt\\\/\"]}]},{\"@type\":\"BreadcrumbList\",\"@id\":\"https:\\\/\\\/www.bmfcert.de\\\/pl\\\/kontakt\\\/#breadcrumb\",\"itemListElement\":[{\"@type\":\"ListItem\",\"position\":1,\"name\":\"Home\",\"item\":\"https:\\\/\\\/www.bmfcert.de\\\/pl\\\/\"},{\"@type\":\"ListItem\",\"position\":2,\"name\":\"Kontakt\"}]},{\"@type\":\"WebSite\",\"@id\":\"https:\\\/\\\/www.bmfcert.de\\\/#website\",\"url\":\"https:\\\/\\\/www.bmfcert.de\\\/\",\"name\":\"bmfcert\",\"description\":\"\",\"potentialAction\":[{\"@type\":\"SearchAction\",\"target\":{\"@type\":\"EntryPoint\",\"urlTemplate\":\"https:\\\/\\\/www.bmfcert.de\\\/?s={search_term_string}\"},\"query-input\":{\"@type\":\"PropertyValueSpecification\",\"valueRequired\":true,\"valueName\":\"search_term_string\"}}],\"inLanguage\":\"pl-PL\"}]}<\/script>\n<!-- \/ Yoast SEO plugin. -->","yoast_head_json":{"title":"Kontakt - bmfcert","robots":{"index":"index","follow":"follow","max-snippet":"max-snippet:-1","max-image-preview":"max-image-preview:large","max-video-preview":"max-video-preview:-1"},"canonical":"https:\/\/www.bmfcert.de\/pl\/kontakt\/","og_locale":"pl_PL","og_type":"article","og_title":"Kontakt - bmfcert","og_description":"Kontakt Z BMFcert mo\u017cna skontaktowa\u0107 si\u0119 bezpo\u015brednio za pomoc\u0105 poni\u017cszego formularza kontaktowego. Ch\u0119tnie odpowiemy na Pa\u0144stwa pytania telefonicznie lub mailowo. Aby m\u00f3c lepiej sklasyfikowa\u0107 Pa\u0144stwa zapytanie, prosimy o wcze\u015bniejszy wyb\u00f3r zakresu tematycznego. Kt\u00f3ry zakres tematyczny Pa\u0144stwa interesuje? Elementy z p\u0142yt drewnianychZ\u0142\u0105cze p\u0142etwoweWi\u0105zary wykonane w technologii...","og_url":"https:\/\/www.bmfcert.de\/pl\/kontakt\/","og_site_name":"bmfcert","article_modified_time":"2021-06-02T09:14:58+00:00","twitter_card":"summary_large_image","twitter_misc":{"Szacowany czas czytania":"1 minuta"},"schema":{"@context":"https:\/\/schema.org","@graph":[{"@type":"WebPage","@id":"https:\/\/www.bmfcert.de\/pl\/kontakt\/","url":"https:\/\/www.bmfcert.de\/pl\/kontakt\/","name":"Kontakt - bmfcert","isPartOf":{"@id":"https:\/\/www.bmfcert.de\/#website"},"datePublished":"2021-05-17T17:21:04+00:00","dateModified":"2021-06-02T09:14:58+00:00","breadcrumb":{"@id":"https:\/\/www.bmfcert.de\/pl\/kontakt\/#breadcrumb"},"inLanguage":"pl-PL","potentialAction":[{"@type":"ReadAction","target":["https:\/\/www.bmfcert.de\/pl\/kontakt\/"]}]},{"@type":"BreadcrumbList","@id":"https:\/\/www.bmfcert.de\/pl\/kontakt\/#breadcrumb","itemListElement":[{"@type":"ListItem","position":1,"name":"Home","item":"https:\/\/www.bmfcert.de\/pl\/"},{"@type":"ListItem","position":2,"name":"Kontakt"}]},{"@type":"WebSite","@id":"https:\/\/www.bmfcert.de\/#website","url":"https:\/\/www.bmfcert.de\/","name":"bmfcert","description":"","potentialAction":[{"@type":"SearchAction","target":{"@type":"EntryPoint","urlTemplate":"https:\/\/www.bmfcert.de\/?s={search_term_string}"},"query-input":{"@type":"PropertyValueSpecification","valueRequired":true,"valueName":"search_term_string"}}],"inLanguage":"pl-PL"}]}},"_links":{"self":[{"href":"https:\/\/www.bmfcert.de\/pl\/wp-json\/wp\/v2\/pages\/1772","targetHints":{"allow":["GET"]}}],"collection":[{"href":"https:\/\/www.bmfcert.de\/pl\/wp-json\/wp\/v2\/pages"}],"about":[{"href":"https:\/\/www.bmfcert.de\/pl\/wp-json\/wp\/v2\/types\/page"}],"author":[{"embeddable":true,"href":"https:\/\/www.bmfcert.de\/pl\/wp-json\/wp\/v2\/users\/3"}],"replies":[{"embeddable":true,"href":"https:\/\/www.bmfcert.de\/pl\/wp-json\/wp\/v2\/comments?post=1772"}],"version-history":[{"count":19,"href":"https:\/\/www.bmfcert.de\/pl\/wp-json\/wp\/v2\/pages\/1772\/revisions"}],"predecessor-version":[{"id":1915,"href":"https:\/\/www.bmfcert.de\/pl\/wp-json\/wp\/v2\/pages\/1772\/revisions\/1915"}],"wp:attachment":[{"href":"https:\/\/www.bmfcert.de\/pl\/wp-json\/wp\/v2\/media?parent=1772"}],"curies":[{"name":"wp","href":"https:\/\/api.w.org\/{rel}","templated":true}]}}