{"id":1765,"date":"2021-05-17T19:17:09","date_gmt":"2021-05-17T17:17:09","guid":{"rendered":"https:\/\/www.bmfcert.de\/czesto-zadawane-pytania-faq\/"},"modified":"2021-05-17T19:19:25","modified_gmt":"2021-05-17T17:19:25","slug":"czesto-zadawane-pytania-faq","status":"publish","type":"page","link":"https:\/\/www.bmfcert.de\/pl\/czesto-zadawane-pytania-faq\/","title":{"rendered":"Cz\u0119sto Zadawane Pytania (FAQ)"},"content":{"rendered":"\t\t<div data-elementor-type=\"wp-page\" data-elementor-id=\"1765\" class=\"elementor elementor-1765 elementor-521\" data-elementor-post-type=\"page\">\n\t\t\t\t\t\t<section class=\"elementor-section elementor-top-section elementor-element elementor-element-9c1f17d elementor-section-height-min-height elementor-section-boxed elementor-section-height-default elementor-section-items-middle parallax_section_no qode_elementor_container_no\" data-id=\"9c1f17d\" data-element_type=\"section\" data-e-type=\"section\" data-settings=\"{&quot;background_background&quot;:&quot;classic&quot;}\">\n\t\t\t\t\t\t<div class=\"elementor-container elementor-column-gap-default\">\n\t\t\t\t\t<div class=\"elementor-column elementor-col-100 elementor-top-column elementor-element elementor-element-4ea0bb9\" data-id=\"4ea0bb9\" data-element_type=\"column\" data-e-type=\"column\">\n\t\t\t<div class=\"elementor-widget-wrap\">\n\t\t\t\t\t\t\t<\/div>\n\t\t<\/div>\n\t\t\t\t\t<\/div>\n\t\t<\/section>\n\t\t\t\t<section class=\"elementor-section elementor-top-section elementor-element elementor-element-d10bf6b elementor-section-boxed elementor-section-height-default elementor-section-height-default parallax_section_no qode_elementor_container_no\" data-id=\"d10bf6b\" data-element_type=\"section\" data-e-type=\"section\">\n\t\t\t\t\t\t<div class=\"elementor-container elementor-column-gap-default\">\n\t\t\t\t\t<div class=\"elementor-column elementor-col-100 elementor-top-column elementor-element elementor-element-d9f6610\" data-id=\"d9f6610\" data-element_type=\"column\" data-e-type=\"column\">\n\t\t\t<div class=\"elementor-widget-wrap elementor-element-populated\">\n\t\t\t\t\t\t<div class=\"elementor-element elementor-element-aa39170 elementor-widget elementor-widget-heading\" data-id=\"aa39170\" data-element_type=\"widget\" data-e-type=\"widget\" data-widget_type=\"heading.default\">\n\t\t\t\t<div class=\"elementor-widget-container\">\n\t\t\t\t\t<h1 class=\"elementor-heading-title elementor-size-default\">Cz\u0119sto Zadawane Pytania (FAQ)<\/h1>\t\t\t\t<\/div>\n\t\t\t\t<\/div>\n\t\t\t\t<div class=\"elementor-element elementor-element-649ed6b elementor-widget elementor-widget-text-editor\" data-id=\"649ed6b\" data-element_type=\"widget\" data-e-type=\"widget\" data-widget_type=\"text-editor.default\">\n\t\t\t\t<div class=\"elementor-widget-container\">\n\t\t\t\t\t\t\t\t\t<p>Zebrali\u015bmy tu dla Pa\u0144stwa najcz\u0119\u015bciej zadawane pytania. W razie braku odpowiedzi na Pa\u0144stwa pytanie w naszych FAQ, prosimy o skorzystanie z formularza kontaktowego. <\/p>\n\t\t\t\t\t\t\t\t<\/div>\n\t\t\t\t<\/div>\n\t\t\t\t\t<\/div>\n\t\t<\/div>\n\t\t\t\t\t<\/div>\n\t\t<\/section>\n\t\t\t\t<section class=\"elementor-section elementor-top-section elementor-element elementor-element-25c37b83 elementor-section-content-middle elementor-reverse-tablet elementor-section-boxed elementor-section-height-default elementor-section-height-default parallax_section_no qode_elementor_container_no\" data-id=\"25c37b83\" data-element_type=\"section\" data-e-type=\"section\">\n\t\t\t\t\t\t<div class=\"elementor-container elementor-column-gap-default\">\n\t\t\t\t\t<div class=\"elementor-column elementor-col-50 elementor-top-column elementor-element elementor-element-7682127d elementor-hidden-tablet elementor-hidden-phone\" data-id=\"7682127d\" data-element_type=\"column\" data-e-type=\"column\">\n\t\t\t<div class=\"elementor-widget-wrap elementor-element-populated\">\n\t\t\t\t\t\t<div class=\"elementor-element elementor-element-b5b0f0b elementor-widget elementor-widget-image\" data-id=\"b5b0f0b\" data-element_type=\"widget\" data-e-type=\"widget\" data-widget_type=\"image.default\">\n\t\t\t\t<div class=\"elementor-widget-container\">\n\t\t\t\t\t\t\t\t\t\t\t\t\t\t\t<img fetchpriority=\"high\" decoding=\"async\" width=\"698\" height=\"1024\" src=\"https:\/\/www.bmfcert.de\/wp-content\/uploads\/2021\/03\/BMFcert-U\u0308berwachung3-1-698x1024.jpg\" class=\"attachment-large size-large wp-image-1610\" alt=\"\" srcset=\"https:\/\/www.bmfcert.de\/wp-content\/uploads\/2021\/03\/BMFcert-U\u0308berwachung3-1-698x1024.jpg 698w, https:\/\/www.bmfcert.de\/wp-content\/uploads\/2021\/03\/BMFcert-U\u0308berwachung3-1-204x300.jpg 204w, https:\/\/www.bmfcert.de\/wp-content\/uploads\/2021\/03\/BMFcert-U\u0308berwachung3-1-768x1127.jpg 768w, https:\/\/www.bmfcert.de\/wp-content\/uploads\/2021\/03\/BMFcert-U\u0308berwachung3-1-1046x1536.jpg 1046w, https:\/\/www.bmfcert.de\/wp-content\/uploads\/2021\/03\/BMFcert-U\u0308berwachung3-1-1395x2048.jpg 1395w, https:\/\/www.bmfcert.de\/wp-content\/uploads\/2021\/03\/BMFcert-U\u0308berwachung3-1-700x1028.jpg 700w, https:\/\/www.bmfcert.de\/wp-content\/uploads\/2021\/03\/BMFcert-U\u0308berwachung3-1.jpg 1707w\" sizes=\"(max-width: 698px) 100vw, 698px\" \/>\t\t\t\t\t\t\t\t\t\t\t\t\t\t\t<\/div>\n\t\t\t\t<\/div>\n\t\t\t\t\t<\/div>\n\t\t<\/div>\n\t\t\t\t<div class=\"elementor-column elementor-col-50 elementor-top-column elementor-element elementor-element-18cecff4\" data-id=\"18cecff4\" data-element_type=\"column\" data-e-type=\"column\">\n\t\t\t<div class=\"elementor-widget-wrap elementor-element-populated\">\n\t\t\t\t\t\t<div class=\"elementor-element elementor-element-62a6e1eb elementor-widget elementor-widget-bridge_accordion\" data-id=\"62a6e1eb\" data-element_type=\"widget\" data-e-type=\"widget\" data-widget_type=\"bridge_accordion.default\">\n\t\t\t\t<div class=\"elementor-widget-container\">\n\t\t\t\t\t\n        <div class=\"qode-accordion-holder clearfix qode-accordion qode-initial \">\n            <h5 class=\"clearfix qode-title-holder\">\n<span class=\"qode-tab-title\">\n\t    <span class=\"qode-tab-title-inner\">\n        Czy musz\u0119 przeprowadza\u0107 kontrole moich element\u00f3w p\u0142ytowych?    <\/span>\n<\/span>\n<span class=\"qode-accordion-mark\">\n    <span class=\"qode-accordion-mark-icon\">\n        <span class=\"icon_plus\"><\/span>\n        <span class=\"icon_minus-06\"><\/span>\n    <\/span>\n<\/span>\n<\/h5>\n<div  class=\"qode-accordion-content \" style=\"background-image: url()\">\n    <div class=\"qode-accordion-content-inner\">\n        <p>Je\u017celi prefabrykowane elementy p\u0142ytowe s\u0105 obustronnie zamykane ju\u017c fabrycznie, to zgodnie z przepisami niemieckimi wymagaj\u0105 przeprowadzania kontroli. Nie dotyczy to element\u00f3w jednostronnie deskowanych.<\/p>    <\/div>\n<\/div><h5 class=\"clearfix qode-title-holder\">\n<span class=\"qode-tab-title\">\n\t    <span class=\"qode-tab-title-inner\">\n        Czy monta\u017c na placu budowy tak\u017ce wymaga monitorowania?    <\/span>\n<\/span>\n<span class=\"qode-accordion-mark\">\n    <span class=\"qode-accordion-mark-icon\">\n        <span class=\"icon_plus\"><\/span>\n        <span class=\"icon_minus-06\"><\/span>\n    <\/span>\n<\/span>\n<\/h5>\n<div  class=\"qode-accordion-content \" style=\"background-image: url()\">\n    <div class=\"qode-accordion-content-inner\">\n        <p>Kontrola na placu budowy jest integraln\u0105 cz\u0119\u015bci\u0105 procesu nadawania znaku jako\u015bci RAL \u201ebudownictwo dom\u00f3w drewnianych\u201d i jako taka jest dobrowolna. Kontrola zamkni\u0119tych element\u00f3w z p\u0142yt drewnianych (znak \u00dc) odbywa si\u0119 tylko w fabryce.<\/p>    <\/div>\n<\/div><h5 class=\"clearfix qode-title-holder\">\n<span class=\"qode-tab-title\">\n\t    <span class=\"qode-tab-title-inner\">\n        Czy istnieje oznakowanie CE dla element\u00f3w z p\u0142yt drewnianych?    <\/span>\n<\/span>\n<span class=\"qode-accordion-mark\">\n    <span class=\"qode-accordion-mark-icon\">\n        <span class=\"icon_plus\"><\/span>\n        <span class=\"icon_minus-06\"><\/span>\n    <\/span>\n<\/span>\n<\/h5>\n<div  class=\"qode-accordion-content \" style=\"background-image: url()\">\n    <div class=\"qode-accordion-content-inner\">\n        <p>Obecnie nie ma obowi\u0105zuj\u0105cej zharmonizowanej normy europejskiej, kt\u00f3ra zawiera\u0142aby przepisy regulacyjne dla wyrobu budowlanego, jakim jest p\u0142yta obustronnie zamkni\u0119ta. Istnieje jednak mo\u017cliwo\u015b\u0107 nadania znaku CE zestawom konstrukcyjnym do budynk\u00f3w z drewna, je\u015bli producent posiada odpowiedni\u0105 ETA.<\/p>    <\/div>\n<\/div><h5 class=\"clearfix qode-title-holder\">\n<span class=\"qode-tab-title\">\n\t    <span class=\"qode-tab-title-inner\">\n        Czy kontrole przeprowadzane s\u0105 r\u00f3wnie\u017c za granic\u0105?    <\/span>\n<\/span>\n<span class=\"qode-accordion-mark\">\n    <span class=\"qode-accordion-mark-icon\">\n        <span class=\"icon_plus\"><\/span>\n        <span class=\"icon_minus-06\"><\/span>\n    <\/span>\n<\/span>\n<\/h5>\n<div  class=\"qode-accordion-content \" style=\"background-image: url()\">\n    <div class=\"qode-accordion-content-inner\">\n        <p>Tak, BMFcert dzia\u0142a r\u00f3wnie\u017c w innych krajach europejskich, a tak\u017ce w Szwajcarii oraz Bo\u015bni i Hercegowinie.<\/p>    <\/div>\n<\/div>        <\/div>\n\n        \t\t\t\t<\/div>\n\t\t\t\t<\/div>\n\t\t\t\t\t<\/div>\n\t\t<\/div>\n\t\t\t\t\t<\/div>\n\t\t<\/section>\n\t\t\t\t<\/div>\n\t\t","protected":false},"excerpt":{"rendered":"<p>Cz\u0119sto Zadawane Pytania (FAQ) Zebrali\u015bmy tu dla Pa\u0144stwa najcz\u0119\u015bciej zadawane pytania. W razie braku odpowiedzi na Pa\u0144stwa pytanie w naszych FAQ, prosimy o skorzystanie z formularza kontaktowego. Czy musz\u0119 przeprowadza\u0107 kontrole moich element\u00f3w p\u0142ytowych? Je\u017celi prefabrykowane elementy p\u0142ytowe s\u0105 obustronnie zamykane ju\u017c fabrycznie, to zgodnie&#8230;<\/p>\n","protected":false},"author":3,"featured_media":0,"parent":0,"menu_order":0,"comment_status":"closed","ping_status":"closed","template":"full_width.php","meta":{"inline_featured_image":false,"footnotes":""},"class_list":["post-1765","page","type-page","status-publish","hentry"],"yoast_head":"<!-- This site is optimized with the Yoast SEO plugin v27.4 - https:\/\/yoast.com\/product\/yoast-seo-wordpress\/ -->\n<title>Cz\u0119sto Zadawane Pytania (FAQ) - bmfcert<\/title>\n<meta name=\"robots\" content=\"index, follow, max-snippet:-1, max-image-preview:large, max-video-preview:-1\" \/>\n<link rel=\"canonical\" href=\"https:\/\/www.bmfcert.de\/pl\/czesto-zadawane-pytania-faq\/\" \/>\n<meta property=\"og:locale\" content=\"pl_PL\" \/>\n<meta property=\"og:type\" content=\"article\" \/>\n<meta property=\"og:title\" content=\"Cz\u0119sto Zadawane Pytania (FAQ) - bmfcert\" \/>\n<meta property=\"og:description\" content=\"Cz\u0119sto Zadawane Pytania (FAQ) Zebrali\u015bmy tu dla Pa\u0144stwa najcz\u0119\u015bciej zadawane pytania. W razie braku odpowiedzi na Pa\u0144stwa pytanie w naszych FAQ, prosimy o skorzystanie z formularza kontaktowego. Czy musz\u0119 przeprowadza\u0107 kontrole moich element\u00f3w p\u0142ytowych? Je\u017celi prefabrykowane elementy p\u0142ytowe s\u0105 obustronnie zamykane ju\u017c fabrycznie, to zgodnie...\" \/>\n<meta property=\"og:url\" content=\"https:\/\/www.bmfcert.de\/pl\/czesto-zadawane-pytania-faq\/\" \/>\n<meta property=\"og:site_name\" content=\"bmfcert\" \/>\n<meta property=\"article:modified_time\" content=\"2021-05-17T17:19:25+00:00\" \/>\n<meta property=\"og:image\" content=\"https:\/\/www.bmfcert.de\/wp-content\/uploads\/2021\/03\/BMFcert-U\u0308berwachung3-1-698x1024.jpg\" \/>\n<meta name=\"twitter:card\" content=\"summary_large_image\" \/>\n<meta name=\"twitter:label1\" content=\"Szacowany czas czytania\" \/>\n\t<meta name=\"twitter:data1\" content=\"1 minuta\" \/>\n<script type=\"application\/ld+json\" class=\"yoast-schema-graph\">{\"@context\":\"https:\\\/\\\/schema.org\",\"@graph\":[{\"@type\":\"WebPage\",\"@id\":\"https:\\\/\\\/www.bmfcert.de\\\/pl\\\/czesto-zadawane-pytania-faq\\\/\",\"url\":\"https:\\\/\\\/www.bmfcert.de\\\/pl\\\/czesto-zadawane-pytania-faq\\\/\",\"name\":\"Cz\u0119sto Zadawane Pytania (FAQ) - bmfcert\",\"isPartOf\":{\"@id\":\"https:\\\/\\\/www.bmfcert.de\\\/#website\"},\"datePublished\":\"2021-05-17T17:17:09+00:00\",\"dateModified\":\"2021-05-17T17:19:25+00:00\",\"breadcrumb\":{\"@id\":\"https:\\\/\\\/www.bmfcert.de\\\/pl\\\/czesto-zadawane-pytania-faq\\\/#breadcrumb\"},\"inLanguage\":\"pl-PL\",\"potentialAction\":[{\"@type\":\"ReadAction\",\"target\":[\"https:\\\/\\\/www.bmfcert.de\\\/pl\\\/czesto-zadawane-pytania-faq\\\/\"]}]},{\"@type\":\"BreadcrumbList\",\"@id\":\"https:\\\/\\\/www.bmfcert.de\\\/pl\\\/czesto-zadawane-pytania-faq\\\/#breadcrumb\",\"itemListElement\":[{\"@type\":\"ListItem\",\"position\":1,\"name\":\"Home\",\"item\":\"https:\\\/\\\/www.bmfcert.de\\\/pl\\\/\"},{\"@type\":\"ListItem\",\"position\":2,\"name\":\"Cz\u0119sto Zadawane Pytania (FAQ)\"}]},{\"@type\":\"WebSite\",\"@id\":\"https:\\\/\\\/www.bmfcert.de\\\/#website\",\"url\":\"https:\\\/\\\/www.bmfcert.de\\\/\",\"name\":\"bmfcert\",\"description\":\"\",\"potentialAction\":[{\"@type\":\"SearchAction\",\"target\":{\"@type\":\"EntryPoint\",\"urlTemplate\":\"https:\\\/\\\/www.bmfcert.de\\\/?s={search_term_string}\"},\"query-input\":{\"@type\":\"PropertyValueSpecification\",\"valueRequired\":true,\"valueName\":\"search_term_string\"}}],\"inLanguage\":\"pl-PL\"}]}<\/script>\n<!-- \/ Yoast SEO plugin. -->","yoast_head_json":{"title":"Cz\u0119sto Zadawane Pytania (FAQ) - bmfcert","robots":{"index":"index","follow":"follow","max-snippet":"max-snippet:-1","max-image-preview":"max-image-preview:large","max-video-preview":"max-video-preview:-1"},"canonical":"https:\/\/www.bmfcert.de\/pl\/czesto-zadawane-pytania-faq\/","og_locale":"pl_PL","og_type":"article","og_title":"Cz\u0119sto Zadawane Pytania (FAQ) - bmfcert","og_description":"Cz\u0119sto Zadawane Pytania (FAQ) Zebrali\u015bmy tu dla Pa\u0144stwa najcz\u0119\u015bciej zadawane pytania. W razie braku odpowiedzi na Pa\u0144stwa pytanie w naszych FAQ, prosimy o skorzystanie z formularza kontaktowego. Czy musz\u0119 przeprowadza\u0107 kontrole moich element\u00f3w p\u0142ytowych? Je\u017celi prefabrykowane elementy p\u0142ytowe s\u0105 obustronnie zamykane ju\u017c fabrycznie, to zgodnie...","og_url":"https:\/\/www.bmfcert.de\/pl\/czesto-zadawane-pytania-faq\/","og_site_name":"bmfcert","article_modified_time":"2021-05-17T17:19:25+00:00","og_image":[{"url":"https:\/\/www.bmfcert.de\/wp-content\/uploads\/2021\/03\/BMFcert-U\u0308berwachung3-1-698x1024.jpg","type":"","width":"","height":""}],"twitter_card":"summary_large_image","twitter_misc":{"Szacowany czas czytania":"1 minuta"},"schema":{"@context":"https:\/\/schema.org","@graph":[{"@type":"WebPage","@id":"https:\/\/www.bmfcert.de\/pl\/czesto-zadawane-pytania-faq\/","url":"https:\/\/www.bmfcert.de\/pl\/czesto-zadawane-pytania-faq\/","name":"Cz\u0119sto Zadawane Pytania (FAQ) - bmfcert","isPartOf":{"@id":"https:\/\/www.bmfcert.de\/#website"},"datePublished":"2021-05-17T17:17:09+00:00","dateModified":"2021-05-17T17:19:25+00:00","breadcrumb":{"@id":"https:\/\/www.bmfcert.de\/pl\/czesto-zadawane-pytania-faq\/#breadcrumb"},"inLanguage":"pl-PL","potentialAction":[{"@type":"ReadAction","target":["https:\/\/www.bmfcert.de\/pl\/czesto-zadawane-pytania-faq\/"]}]},{"@type":"BreadcrumbList","@id":"https:\/\/www.bmfcert.de\/pl\/czesto-zadawane-pytania-faq\/#breadcrumb","itemListElement":[{"@type":"ListItem","position":1,"name":"Home","item":"https:\/\/www.bmfcert.de\/pl\/"},{"@type":"ListItem","position":2,"name":"Cz\u0119sto Zadawane Pytania (FAQ)"}]},{"@type":"WebSite","@id":"https:\/\/www.bmfcert.de\/#website","url":"https:\/\/www.bmfcert.de\/","name":"bmfcert","description":"","potentialAction":[{"@type":"SearchAction","target":{"@type":"EntryPoint","urlTemplate":"https:\/\/www.bmfcert.de\/?s={search_term_string}"},"query-input":{"@type":"PropertyValueSpecification","valueRequired":true,"valueName":"search_term_string"}}],"inLanguage":"pl-PL"}]}},"_links":{"self":[{"href":"https:\/\/www.bmfcert.de\/pl\/wp-json\/wp\/v2\/pages\/1765","targetHints":{"allow":["GET"]}}],"collection":[{"href":"https:\/\/www.bmfcert.de\/pl\/wp-json\/wp\/v2\/pages"}],"about":[{"href":"https:\/\/www.bmfcert.de\/pl\/wp-json\/wp\/v2\/types\/page"}],"author":[{"embeddable":true,"href":"https:\/\/www.bmfcert.de\/pl\/wp-json\/wp\/v2\/users\/3"}],"replies":[{"embeddable":true,"href":"https:\/\/www.bmfcert.de\/pl\/wp-json\/wp\/v2\/comments?post=1765"}],"version-history":[{"count":6,"href":"https:\/\/www.bmfcert.de\/pl\/wp-json\/wp\/v2\/pages\/1765\/revisions"}],"predecessor-version":[{"id":1771,"href":"https:\/\/www.bmfcert.de\/pl\/wp-json\/wp\/v2\/pages\/1765\/revisions\/1771"}],"wp:attachment":[{"href":"https:\/\/www.bmfcert.de\/pl\/wp-json\/wp\/v2\/media?parent=1765"}],"curies":[{"name":"wp","href":"https:\/\/api.w.org\/{rel}","templated":true}]}}